{"id":81,"date":"2025-10-31T11:22:17","date_gmt":"2025-10-31T11:22:17","guid":{"rendered":"https:\/\/ovensvoordeindustrie.nl\/?page_id=81"},"modified":"2025-11-11T18:24:16","modified_gmt":"2025-11-11T18:24:16","slug":"efficiente-warmtebehandelingsovens-voor-industrieel-gebruik","status":"publish","type":"page","link":"https:\/\/ovensvoordeindustrie.nl\/index.php\/efficiente-warmtebehandelingsovens-voor-industrieel-gebruik\/","title":{"rendered":"Thermproces technologie"},"content":{"rendered":"\t\t<div data-elementor-type=\"wp-page\" data-elementor-id=\"81\" class=\"elementor elementor-81\">\n\t\t\t\t<div class=\"elementor-element elementor-element-02e94c5 e-flex e-con-boxed e-con e-parent\" data-id=\"02e94c5\" data-element_type=\"container\" data-e-type=\"container\">\n\t\t\t\t\t<div class=\"e-con-inner\">\n\t\t<div class=\"elementor-element elementor-element-656ed1f e-con-full e-flex e-con e-child\" data-id=\"656ed1f\" data-element_type=\"container\" data-e-type=\"container\">\n\t\t\t\t<div class=\"elementor-element elementor-element-118240a elementor-widget elementor-widget-text-editor\" data-id=\"118240a\" data-element_type=\"widget\" data-e-type=\"widget\" data-widget_type=\"text-editor.default\">\n\t\t\t\t\t\t\t\t\t<h1 style=\"font-family: initial; text-decoration: initial; color: #000000; line-height: initial; letter-spacing: 0.3px; margin-bottom: 0.5rem; margin-top: 0px; font-size: initial; caret-color: #000000; background-image: initial; background-position: initial; background-size: initial; background-repeat: initial; background-attachment: initial; background-origin: initial; background-clip: initial;\">Warmtebehandelingsovens voor de metallurgen<\/h1><p style=\"font-family: initial; text-decoration: initial; margin-bottom: 1rem; margin-top: 0px; caret-color: #000000; color: #000000; font-size: initial; background-image: initial; background-position: initial; background-size: initial; background-repeat: initial; background-attachment: initial; background-origin: initial; background-clip: initial; line-height: initial;\">Warmtebehandelingsovens zijn van cruciaal belang in de metallurgie-industrie. Ze worden gebruikt om metalen te verhitten en af te koelen om hun fysieke eigenschappen te veranderen en te verbeteren. Of je nu een standaard oven nodig hebt of een op maat gebouwde, bij ons ben je aan het juiste adres.<\/p><h2 style=\"font-family: initial; text-decoration: initial; color: #000000; line-height: initial; letter-spacing: 0.3px; margin-bottom: 0.5rem; margin-top: 0px; font-size: initial; caret-color: #000000; background-image: initial; background-position: initial; background-size: initial; background-repeat: initial; background-attachment: initial; background-origin: initial; background-clip: initial;\">Standaard oven of op maat gebouwd<\/h2><p style=\"font-family: initial; text-decoration: initial; margin-bottom: 1rem; margin-top: 0px; caret-color: #000000; color: #000000; font-size: initial; background-image: initial; background-position: initial; background-size: initial; background-repeat: initial; background-attachment: initial; background-origin: initial; background-clip: initial; line-height: initial;\">Bij het kiezen van een warmtebehandelingsoven is het belangrijk om te bepalen of je een standaardoven nodig hebt of een op maat gebouwde oven. Standaard ovens zijn geschikt voor algemene toepassingen en zijn direct beschikbaar. Voor specifieke toepassingen bieden we ook op maat gemaakte ovens die voldoen aan jouw specifieke vereisten.<\/p><h2 style=\"font-family: initial; text-decoration: initial; color: #000000; line-height: initial; letter-spacing: 0.3px; margin-bottom: 0.5rem; margin-top: 0px; font-size: initial; caret-color: #000000; background-image: initial; background-position: initial; background-size: initial; background-repeat: initial; background-attachment: initial; background-origin: initial; background-clip: initial;\">Optioneel onder beschermgas om oxidatie te voorkomen<\/h2><p style=\"font-family: initial; text-decoration: initial; margin-bottom: 1rem; margin-top: 0px; caret-color: #000000; color: #000000; font-size: initial; background-image: initial; background-position: initial; background-size: initial; background-repeat: initial; background-attachment: initial; background-origin: initial; background-clip: initial; line-height: initial;\">Voor sommige toepassingen is het essentieel om oxidatie van het metaal te voorkomen tijdens het verwarmingsproces. Daarom bieden wij de optie om warmtebehandelingsovens te leveren met beschermgas, zodat jouw materialen in een gecontroleerde omgeving worden verwarmd zonder blootstelling aan zuurstof.<\/p><h2 style=\"font-family: initial; text-decoration: initial; color: #000000; line-height: initial; letter-spacing: 0.3px; margin-bottom: 0.5rem; margin-top: 0px; font-size: initial; caret-color: #000000; background-image: initial; background-position: initial; background-size: initial; background-repeat: initial; background-attachment: initial; background-origin: initial; background-clip: initial;\">Groot assortiment aan warmtebehandelingsovens<\/h2><p style=\"font-family: initial; text-decoration: initial; margin-bottom: 1rem; margin-top: 0px; caret-color: #000000; color: #000000; font-size: initial; background-image: initial; background-position: initial; background-size: initial; background-repeat: initial; background-attachment: initial; background-origin: initial; background-clip: initial; line-height: initial;\">Ons assortiment warmtebehandelingsovens omvat diverse types, zoals hardingsovens, smeltovens, gloeiovens, en nog veel meer. Of je nu kleine of grote hoeveelheden materiaal moet behandelen, wij hebben de perfecte oven voor jouw behoeften.<\/p><p style=\"font-family: initial; text-decoration: initial; margin-bottom: 1rem; margin-top: 0px; caret-color: #000000; color: #000000; font-size: initial; background-image: initial; background-position: initial; background-size: initial; background-repeat: initial; background-attachment: initial; background-origin: initial; background-clip: initial; line-height: initial;\">Of je nu een standaard oven nodig hebt voor algemene toepassingen, een op maat gebouwde oven voor specifieke vereisten, of een oven met beschermgasoptie om oxidatie te voorkomen, wij bieden alles wat je nodig hebt voor jouw warmtebehandelingsbehoeften.<\/p><h3 style=\"font-family: initial; text-decoration: initial; color: #000000; line-height: initial; letter-spacing: 0.3px; margin-bottom: 0.5rem; margin-top: 0px; font-size: initial; caret-color: #000000; background-image: initial; background-position: initial; background-size: initial; background-repeat: initial; background-attachment: initial; background-origin: initial; background-clip: initial;\">Conclusie<\/h3><p style=\"font-family: initial; text-decoration: initial; margin-bottom: 1rem; margin-top: 0px; caret-color: #000000; color: #000000; font-size: initial; background-image: initial; background-position: initial; background-size: initial; background-repeat: initial; background-attachment: initial; background-origin: initial; background-clip: initial; line-height: initial;\">Een hoogwaardige warmtebehandelingsoven is essentieel voor de metallurgische industrie om metalen te bewerken, vormen en verbeteren. Met ons brede assortiment aan standaard ovens, op maat gebouwde varianten en de mogelijkheid van beschermgas, helpen wij onze klanten om hun specifieke behoeften te vervullen en hoogwaardige resultaten te bereiken.<\/p>\t\t\t\t\t\t\t\t<\/div>\n\t\t\t\t<\/div>\n\t\t<div class=\"elementor-element elementor-element-cc64f08 e-con-full e-flex e-con e-child\" data-id=\"cc64f08\" data-element_type=\"container\" data-e-type=\"container\">\n\t\t<div class=\"elementor-element elementor-element-8b64c0f e-con-full e-flex e-con e-child\" data-id=\"8b64c0f\" data-element_type=\"container\" data-e-type=\"container\">\n\t\t\t\t<div class=\"elementor-element elementor-element-7a5a0ec elementor-widget elementor-widget-image\" data-id=\"7a5a0ec\" data-element_type=\"widget\" data-e-type=\"widget\" data-widget_type=\"image.default\">\n\t\t\t\t\t\t\t\t\t\t\t\t\t\t\t<img fetchpriority=\"high\" decoding=\"async\" width=\"1024\" height=\"576\" src=\"https:\/\/ovensvoordeindustrie.nl\/wp-content\/uploads\/2025\/11\/Catalogi_2-1024x576.png\" class=\"attachment-large size-large wp-image-224\" alt=\"\" srcset=\"https:\/\/ovensvoordeindustrie.nl\/wp-content\/uploads\/2025\/11\/Catalogi_2-1024x576.png 1024w, https:\/\/ovensvoordeindustrie.nl\/wp-content\/uploads\/2025\/11\/Catalogi_2-300x169.png 300w, https:\/\/ovensvoordeindustrie.nl\/wp-content\/uploads\/2025\/11\/Catalogi_2-768x432.png 768w, https:\/\/ovensvoordeindustrie.nl\/wp-content\/uploads\/2025\/11\/Catalogi_2-600x338.png 600w, https:\/\/ovensvoordeindustrie.nl\/wp-content\/uploads\/2025\/11\/Catalogi_2.png 1280w\" sizes=\"(max-width: 1024px) 100vw, 1024px\" \/>\t\t\t\t\t\t\t\t\t\t\t\t\t\t\t<\/div>\n\t\t\t\t<\/div>\n\t\t<div class=\"elementor-element elementor-element-7e2502c e-con-full e-flex e-con e-child\" data-id=\"7e2502c\" data-element_type=\"container\" data-e-type=\"container\">\n\t\t\t\t<div class=\"elementor-element elementor-element-f70d8b0 elementor-widget elementor-widget-button\" data-id=\"f70d8b0\" data-element_type=\"widget\" data-e-type=\"widget\" data-widget_type=\"button.default\">\n\t\t\t\t\t\t\t\t\t\t<a class=\"elementor-button elementor-button-link elementor-size-sm\" href=\"https:\/\/ovensvoordeindustrie.nl\/wp-content\/uploads\/2025\/10\/thermalprocesstechnology_english.pdf\">\n\t\t\t\t\t\t<span class=\"elementor-button-content-wrapper\">\n\t\t\t\t\t\t\t\t\t<span class=\"elementor-button-text\">Klik hier de Engelse catalogus Thermproces 1<\/span>\n\t\t\t\t\t<\/span>\n\t\t\t\t\t<\/a>\n\t\t\t\t\t\t\t\t<\/div>\n\t\t\t\t<div class=\"elementor-element elementor-element-ef8cdae elementor-widget elementor-widget-button\" data-id=\"ef8cdae\" data-element_type=\"widget\" data-e-type=\"widget\" data-widget_type=\"button.default\">\n\t\t\t\t\t\t\t\t\t\t<a class=\"elementor-button elementor-button-link elementor-size-sm\" href=\"https:\/\/ovensvoordeindustrie.nl\/wp-content\/uploads\/2025\/10\/thermalprocesstechnology2_english.pdf\">\n\t\t\t\t\t\t<span class=\"elementor-button-content-wrapper\">\n\t\t\t\t\t\t\t\t\t<span class=\"elementor-button-text\">Klik hier voor de Engelse catalogus Thermproces 2<\/span>\n\t\t\t\t\t<\/span>\n\t\t\t\t\t<\/a>\n\t\t\t\t\t\t\t\t<\/div>\n\t\t\t\t<\/div>\n\t\t<div class=\"elementor-element elementor-element-9625dd6 e-con-full e-flex e-con e-child\" data-id=\"9625dd6\" data-element_type=\"container\" data-e-type=\"container\">\n\t\t\t\t<div class=\"elementor-element elementor-element-5e37381 elementor-widget elementor-widget-button\" data-id=\"5e37381\" data-element_type=\"widget\" data-e-type=\"widget\" data-widget_type=\"button.default\">\n\t\t\t\t\t\t\t\t\t\t<a class=\"elementor-button elementor-button-link elementor-size-sm\" href=\"https:\/\/ovensvoordeindustrie.nl\/wp-content\/uploads\/2025\/10\/thermalprocesstechnology_german_0.pdf\">\n\t\t\t\t\t\t<span class=\"elementor-button-content-wrapper\">\n\t\t\t\t\t\t\t\t\t<span class=\"elementor-button-text\">Klik hier voor de Duitse catalogus Thermproces 1<\/span>\n\t\t\t\t\t<\/span>\n\t\t\t\t\t<\/a>\n\t\t\t\t\t\t\t\t<\/div>\n\t\t\t\t<\/div>\n\t\t<div class=\"elementor-element elementor-element-35f4164 e-con-full e-flex e-con e-child\" data-id=\"35f4164\" data-element_type=\"container\" data-e-type=\"container\">\n\t\t\t\t<div class=\"elementor-element elementor-element-5e9d43e elementor-widget elementor-widget-button\" data-id=\"5e9d43e\" data-element_type=\"widget\" data-e-type=\"widget\" data-widget_type=\"button.default\">\n\t\t\t\t\t\t\t\t\t\t<a class=\"elementor-button elementor-button-link elementor-size-sm\" href=\"https:\/\/ovensvoordeindustrie.nl\/wp-content\/uploads\/2025\/10\/thermalprocesstechnology2_german_1.pdf\">\n\t\t\t\t\t\t<span class=\"elementor-button-content-wrapper\">\n\t\t\t\t\t\t\t\t\t<span class=\"elementor-button-text\">Klik hier voor de Duitse catalogus Thermproces 2<\/span>\n\t\t\t\t\t<\/span>\n\t\t\t\t\t<\/a>\n\t\t\t\t\t\t\t\t<\/div>\n\t\t\t\t<\/div>\n\t\t<div class=\"elementor-element elementor-element-25e3926 e-con-full e-flex e-con e-child\" data-id=\"25e3926\" data-element_type=\"container\" data-e-type=\"container\">\n\t\t\t\t<div class=\"elementor-element elementor-element-5b925cc elementor-widget elementor-widget-heading\" data-id=\"5b925cc\" data-element_type=\"widget\" data-e-type=\"widget\" data-widget_type=\"heading.default\">\n\t\t\t\t\t<h4 class=\"elementor-heading-title elementor-size-default\">Enkele modellen<\/h4>\t\t\t\t<\/div>\n\t\t\t\t<\/div>\n\t\t<div class=\"elementor-element elementor-element-690a9c7 e-con-full e-flex e-con e-child\" data-id=\"690a9c7\" data-element_type=\"container\" data-e-type=\"container\">\n\t\t\t\t<div class=\"elementor-element elementor-element-348caf5 elementor-widget elementor-widget-image\" data-id=\"348caf5\" data-element_type=\"widget\" data-e-type=\"widget\" data-widget_type=\"image.default\">\n\t\t\t\t\t\t\t\t\t\t\t\t\t\t\t<img decoding=\"async\" width=\"600\" height=\"560\" src=\"https:\/\/ovensvoordeindustrie.nl\/wp-content\/uploads\/2025\/10\/MHS17.png\" class=\"attachment-large size-large wp-image-118\" alt=\"\" srcset=\"https:\/\/ovensvoordeindustrie.nl\/wp-content\/uploads\/2025\/10\/MHS17.png 600w, https:\/\/ovensvoordeindustrie.nl\/wp-content\/uploads\/2025\/10\/MHS17-300x280.png 300w\" sizes=\"(max-width: 600px) 100vw, 600px\" \/>\t\t\t\t\t\t\t\t\t\t\t\t\t\t\t<\/div>\n\t\t\t\t<\/div>\n\t\t<div class=\"elementor-element elementor-element-d94e98d e-con-full e-flex e-con e-child\" data-id=\"d94e98d\" data-element_type=\"container\" data-e-type=\"container\">\n\t\t\t\t<div class=\"elementor-element elementor-element-ff8cdb1 elementor-widget elementor-widget-image\" data-id=\"ff8cdb1\" data-element_type=\"widget\" data-e-type=\"widget\" data-widget_type=\"image.default\">\n\t\t\t\t\t\t\t\t\t\t\t\t\t\t\t<img decoding=\"async\" width=\"600\" height=\"448\" src=\"https:\/\/ovensvoordeindustrie.nl\/wp-content\/uploads\/2025\/10\/NA250_45.png\" class=\"attachment-large size-large wp-image-119\" alt=\"\" srcset=\"https:\/\/ovensvoordeindustrie.nl\/wp-content\/uploads\/2025\/10\/NA250_45.png 600w, https:\/\/ovensvoordeindustrie.nl\/wp-content\/uploads\/2025\/10\/NA250_45-300x224.png 300w\" sizes=\"(max-width: 600px) 100vw, 600px\" \/>\t\t\t\t\t\t\t\t\t\t\t\t\t\t\t<\/div>\n\t\t\t\t<\/div>\n\t\t<div class=\"elementor-element elementor-element-2f39540 e-con-full e-flex e-con e-child\" data-id=\"2f39540\" data-element_type=\"container\" data-e-type=\"container\">\n\t\t\t\t<div class=\"elementor-element elementor-element-b5103a1 elementor-widget elementor-widget-image\" data-id=\"b5103a1\" data-element_type=\"widget\" data-e-type=\"widget\" data-widget_type=\"image.default\">\n\t\t\t\t\t\t\t\t\t\t\t\t\t\t\t<img loading=\"lazy\" decoding=\"async\" width=\"600\" height=\"642\" src=\"https:\/\/ovensvoordeindustrie.nl\/wp-content\/uploads\/2025\/10\/TR1050.png\" class=\"attachment-large size-large wp-image-120\" alt=\"\" srcset=\"https:\/\/ovensvoordeindustrie.nl\/wp-content\/uploads\/2025\/10\/TR1050.png 600w, https:\/\/ovensvoordeindustrie.nl\/wp-content\/uploads\/2025\/10\/TR1050-280x300.png 280w\" sizes=\"(max-width: 600px) 100vw, 600px\" \/>\t\t\t\t\t\t\t\t\t\t\t\t\t\t\t<\/div>\n\t\t\t\t<\/div>\n\t\t\t\t<\/div>\n\t\t\t\t\t<\/div>\n\t\t\t\t<\/div>\n\t\t\t\t<\/div>\n\t\t","protected":false},"excerpt":{"rendered":"<p>Warmtebehandelingsovens voor de metallurgen Warmtebehandelingsovens zijn van cruciaal belang in de metallurgie-industrie. Ze worden gebruikt om metalen te verhitten en af te koelen om hun fysieke eigenschappen te veranderen en te verbeteren. Of je nu een standaard oven nodig hebt of een op maat gebouwde, bij ons ben je aan het juiste adres. Standaard oven [&hellip;]<\/p>\n","protected":false},"author":1,"featured_media":0,"parent":0,"menu_order":0,"comment_status":"closed","ping_status":"closed","template":"","meta":{"footnotes":""},"class_list":["post-81","page","type-page","status-publish","hentry"],"yoast_head":"<!-- This site is optimized with the Yoast SEO plugin v27.5 - https:\/\/yoast.com\/product\/yoast-seo-wordpress\/ -->\n<title>Effici\u00ebnte Warmtebehandelingsovens voor Industrieel Gebruik<\/title>\n<meta name=\"description\" content=\"Ontdek de effici\u00ebnte Nabertherm warmtebehandelingsovens die uw industri\u00eble processen verbeteren. Bestel vandaag!\" \/>\n<meta name=\"robots\" content=\"index, follow, max-snippet:-1, max-image-preview:large, max-video-preview:-1\" \/>\n<link rel=\"canonical\" href=\"https:\/\/ovensvoordeindustrie.nl\/index.php\/efficiente-warmtebehandelingsovens-voor-industrieel-gebruik\/\" \/>\n<meta property=\"og:locale\" content=\"nl_NL\" \/>\n<meta property=\"og:type\" content=\"article\" \/>\n<meta property=\"og:title\" content=\"Effici\u00ebnte Warmtebehandelingsovens voor Industrieel Gebruik\" \/>\n<meta property=\"og:description\" content=\"Ontdek de effici\u00ebnte Nabertherm warmtebehandelingsovens die uw industri\u00eble processen verbeteren. Bestel vandaag!\" \/>\n<meta property=\"og:url\" content=\"https:\/\/ovensvoordeindustrie.nl\/index.php\/efficiente-warmtebehandelingsovens-voor-industrieel-gebruik\/\" \/>\n<meta property=\"og:site_name\" content=\"Ovens voor de industrie.\" \/>\n<meta property=\"article:publisher\" content=\"https:\/\/facebook.com\/ovensvoordeindustrie\" \/>\n<meta property=\"article:modified_time\" content=\"2025-11-11T18:24:16+00:00\" \/>\n<meta property=\"og:image\" content=\"https:\/\/ovensvoordeindustrie.nl\/wp-content\/uploads\/2025\/11\/Catalogi_2-1024x576.png\" \/>\n<meta name=\"twitter:card\" content=\"summary_large_image\" \/>\n<meta name=\"twitter:site\" content=\"@IndustrieOvens\" \/>\n<meta name=\"twitter:label1\" content=\"Geschatte leestijd\" \/>\n\t<meta name=\"twitter:data1\" content=\"3 minuten\" \/>\n<script type=\"application\/ld+json\" class=\"yoast-schema-graph\">{\"@context\":\"https:\\\/\\\/schema.org\",\"@graph\":[{\"@type\":\"WebPage\",\"@id\":\"https:\\\/\\\/ovensvoordeindustrie.nl\\\/index.php\\\/efficiente-warmtebehandelingsovens-voor-industrieel-gebruik\\\/\",\"url\":\"https:\\\/\\\/ovensvoordeindustrie.nl\\\/index.php\\\/efficiente-warmtebehandelingsovens-voor-industrieel-gebruik\\\/\",\"name\":\"Effici\u00ebnte Warmtebehandelingsovens voor Industrieel Gebruik\",\"isPartOf\":{\"@id\":\"https:\\\/\\\/ovensvoordeindustrie.nl\\\/#website\"},\"primaryImageOfPage\":{\"@id\":\"https:\\\/\\\/ovensvoordeindustrie.nl\\\/index.php\\\/efficiente-warmtebehandelingsovens-voor-industrieel-gebruik\\\/#primaryimage\"},\"image\":{\"@id\":\"https:\\\/\\\/ovensvoordeindustrie.nl\\\/index.php\\\/efficiente-warmtebehandelingsovens-voor-industrieel-gebruik\\\/#primaryimage\"},\"thumbnailUrl\":\"https:\\\/\\\/ovensvoordeindustrie.nl\\\/wp-content\\\/uploads\\\/2025\\\/11\\\/Catalogi_2-1024x576.png\",\"datePublished\":\"2025-10-31T11:22:17+00:00\",\"dateModified\":\"2025-11-11T18:24:16+00:00\",\"description\":\"Ontdek de effici\u00ebnte Nabertherm warmtebehandelingsovens die uw industri\u00eble processen verbeteren. Bestel vandaag!\",\"breadcrumb\":{\"@id\":\"https:\\\/\\\/ovensvoordeindustrie.nl\\\/index.php\\\/efficiente-warmtebehandelingsovens-voor-industrieel-gebruik\\\/#breadcrumb\"},\"inLanguage\":\"nl-NL\",\"potentialAction\":[{\"@type\":\"ReadAction\",\"target\":[\"https:\\\/\\\/ovensvoordeindustrie.nl\\\/index.php\\\/efficiente-warmtebehandelingsovens-voor-industrieel-gebruik\\\/\"]}]},{\"@type\":\"ImageObject\",\"inLanguage\":\"nl-NL\",\"@id\":\"https:\\\/\\\/ovensvoordeindustrie.nl\\\/index.php\\\/efficiente-warmtebehandelingsovens-voor-industrieel-gebruik\\\/#primaryimage\",\"url\":\"https:\\\/\\\/ovensvoordeindustrie.nl\\\/wp-content\\\/uploads\\\/2025\\\/11\\\/Catalogi_2.png\",\"contentUrl\":\"https:\\\/\\\/ovensvoordeindustrie.nl\\\/wp-content\\\/uploads\\\/2025\\\/11\\\/Catalogi_2.png\",\"width\":1280,\"height\":720},{\"@type\":\"BreadcrumbList\",\"@id\":\"https:\\\/\\\/ovensvoordeindustrie.nl\\\/index.php\\\/efficiente-warmtebehandelingsovens-voor-industrieel-gebruik\\\/#breadcrumb\",\"itemListElement\":[{\"@type\":\"ListItem\",\"position\":1,\"name\":\"Home\",\"item\":\"https:\\\/\\\/ovensvoordeindustrie.nl\\\/\"},{\"@type\":\"ListItem\",\"position\":2,\"name\":\"Thermproces technologie\"}]},{\"@type\":\"WebSite\",\"@id\":\"https:\\\/\\\/ovensvoordeindustrie.nl\\\/#website\",\"url\":\"https:\\\/\\\/ovensvoordeindustrie.nl\\\/\",\"name\":\"Ovens voor de industrie.\",\"description\":\"ovens voor de industrie\",\"publisher\":{\"@id\":\"https:\\\/\\\/ovensvoordeindustrie.nl\\\/#organization\"},\"potentialAction\":[{\"@type\":\"SearchAction\",\"target\":{\"@type\":\"EntryPoint\",\"urlTemplate\":\"https:\\\/\\\/ovensvoordeindustrie.nl\\\/?s={search_term_string}\"},\"query-input\":{\"@type\":\"PropertyValueSpecification\",\"valueRequired\":true,\"valueName\":\"search_term_string\"}}],\"inLanguage\":\"nl-NL\"},{\"@type\":\"Organization\",\"@id\":\"https:\\\/\\\/ovensvoordeindustrie.nl\\\/#organization\",\"name\":\"Ovens voor de industrie.\",\"url\":\"https:\\\/\\\/ovensvoordeindustrie.nl\\\/\",\"logo\":{\"@type\":\"ImageObject\",\"inLanguage\":\"nl-NL\",\"@id\":\"https:\\\/\\\/ovensvoordeindustrie.nl\\\/#\\\/schema\\\/logo\\\/image\\\/\",\"url\":\"https:\\\/\\\/ovensvoordeindustrie.nl\\\/wp-content\\\/uploads\\\/2025\\\/10\\\/cropped-Logo-TBH-ovens-voor-de-industrie.png\",\"contentUrl\":\"https:\\\/\\\/ovensvoordeindustrie.nl\\\/wp-content\\\/uploads\\\/2025\\\/10\\\/cropped-Logo-TBH-ovens-voor-de-industrie.png\",\"width\":262,\"height\":138,\"caption\":\"Ovens voor de industrie.\"},\"image\":{\"@id\":\"https:\\\/\\\/ovensvoordeindustrie.nl\\\/#\\\/schema\\\/logo\\\/image\\\/\"},\"sameAs\":[\"https:\\\/\\\/facebook.com\\\/ovensvoordeindustrie\",\"https:\\\/\\\/x.com\\\/IndustrieOvens\",\"https:\\\/\\\/www.instagram.com\\\/ovensvoordeindustrie\"]}]}<\/script>\n<!-- \/ Yoast SEO plugin. -->","yoast_head_json":{"title":"Effici\u00ebnte Warmtebehandelingsovens voor Industrieel Gebruik","description":"Ontdek de effici\u00ebnte Nabertherm warmtebehandelingsovens die uw industri\u00eble processen verbeteren. Bestel vandaag!","robots":{"index":"index","follow":"follow","max-snippet":"max-snippet:-1","max-image-preview":"max-image-preview:large","max-video-preview":"max-video-preview:-1"},"canonical":"https:\/\/ovensvoordeindustrie.nl\/index.php\/efficiente-warmtebehandelingsovens-voor-industrieel-gebruik\/","og_locale":"nl_NL","og_type":"article","og_title":"Effici\u00ebnte Warmtebehandelingsovens voor Industrieel Gebruik","og_description":"Ontdek de effici\u00ebnte Nabertherm warmtebehandelingsovens die uw industri\u00eble processen verbeteren. Bestel vandaag!","og_url":"https:\/\/ovensvoordeindustrie.nl\/index.php\/efficiente-warmtebehandelingsovens-voor-industrieel-gebruik\/","og_site_name":"Ovens voor de industrie.","article_publisher":"https:\/\/facebook.com\/ovensvoordeindustrie","article_modified_time":"2025-11-11T18:24:16+00:00","og_image":[{"url":"https:\/\/ovensvoordeindustrie.nl\/wp-content\/uploads\/2025\/11\/Catalogi_2-1024x576.png","type":"","width":"","height":""}],"twitter_card":"summary_large_image","twitter_site":"@IndustrieOvens","twitter_misc":{"Geschatte leestijd":"3 minuten"},"schema":{"@context":"https:\/\/schema.org","@graph":[{"@type":"WebPage","@id":"https:\/\/ovensvoordeindustrie.nl\/index.php\/efficiente-warmtebehandelingsovens-voor-industrieel-gebruik\/","url":"https:\/\/ovensvoordeindustrie.nl\/index.php\/efficiente-warmtebehandelingsovens-voor-industrieel-gebruik\/","name":"Effici\u00ebnte Warmtebehandelingsovens voor Industrieel Gebruik","isPartOf":{"@id":"https:\/\/ovensvoordeindustrie.nl\/#website"},"primaryImageOfPage":{"@id":"https:\/\/ovensvoordeindustrie.nl\/index.php\/efficiente-warmtebehandelingsovens-voor-industrieel-gebruik\/#primaryimage"},"image":{"@id":"https:\/\/ovensvoordeindustrie.nl\/index.php\/efficiente-warmtebehandelingsovens-voor-industrieel-gebruik\/#primaryimage"},"thumbnailUrl":"https:\/\/ovensvoordeindustrie.nl\/wp-content\/uploads\/2025\/11\/Catalogi_2-1024x576.png","datePublished":"2025-10-31T11:22:17+00:00","dateModified":"2025-11-11T18:24:16+00:00","description":"Ontdek de effici\u00ebnte Nabertherm warmtebehandelingsovens die uw industri\u00eble processen verbeteren. Bestel vandaag!","breadcrumb":{"@id":"https:\/\/ovensvoordeindustrie.nl\/index.php\/efficiente-warmtebehandelingsovens-voor-industrieel-gebruik\/#breadcrumb"},"inLanguage":"nl-NL","potentialAction":[{"@type":"ReadAction","target":["https:\/\/ovensvoordeindustrie.nl\/index.php\/efficiente-warmtebehandelingsovens-voor-industrieel-gebruik\/"]}]},{"@type":"ImageObject","inLanguage":"nl-NL","@id":"https:\/\/ovensvoordeindustrie.nl\/index.php\/efficiente-warmtebehandelingsovens-voor-industrieel-gebruik\/#primaryimage","url":"https:\/\/ovensvoordeindustrie.nl\/wp-content\/uploads\/2025\/11\/Catalogi_2.png","contentUrl":"https:\/\/ovensvoordeindustrie.nl\/wp-content\/uploads\/2025\/11\/Catalogi_2.png","width":1280,"height":720},{"@type":"BreadcrumbList","@id":"https:\/\/ovensvoordeindustrie.nl\/index.php\/efficiente-warmtebehandelingsovens-voor-industrieel-gebruik\/#breadcrumb","itemListElement":[{"@type":"ListItem","position":1,"name":"Home","item":"https:\/\/ovensvoordeindustrie.nl\/"},{"@type":"ListItem","position":2,"name":"Thermproces technologie"}]},{"@type":"WebSite","@id":"https:\/\/ovensvoordeindustrie.nl\/#website","url":"https:\/\/ovensvoordeindustrie.nl\/","name":"Ovens voor de industrie.","description":"ovens voor de industrie","publisher":{"@id":"https:\/\/ovensvoordeindustrie.nl\/#organization"},"potentialAction":[{"@type":"SearchAction","target":{"@type":"EntryPoint","urlTemplate":"https:\/\/ovensvoordeindustrie.nl\/?s={search_term_string}"},"query-input":{"@type":"PropertyValueSpecification","valueRequired":true,"valueName":"search_term_string"}}],"inLanguage":"nl-NL"},{"@type":"Organization","@id":"https:\/\/ovensvoordeindustrie.nl\/#organization","name":"Ovens voor de industrie.","url":"https:\/\/ovensvoordeindustrie.nl\/","logo":{"@type":"ImageObject","inLanguage":"nl-NL","@id":"https:\/\/ovensvoordeindustrie.nl\/#\/schema\/logo\/image\/","url":"https:\/\/ovensvoordeindustrie.nl\/wp-content\/uploads\/2025\/10\/cropped-Logo-TBH-ovens-voor-de-industrie.png","contentUrl":"https:\/\/ovensvoordeindustrie.nl\/wp-content\/uploads\/2025\/10\/cropped-Logo-TBH-ovens-voor-de-industrie.png","width":262,"height":138,"caption":"Ovens voor de industrie."},"image":{"@id":"https:\/\/ovensvoordeindustrie.nl\/#\/schema\/logo\/image\/"},"sameAs":["https:\/\/facebook.com\/ovensvoordeindustrie","https:\/\/x.com\/IndustrieOvens","https:\/\/www.instagram.com\/ovensvoordeindustrie"]}]}},"jetpack_sharing_enabled":true,"_links":{"self":[{"href":"https:\/\/ovensvoordeindustrie.nl\/index.php\/wp-json\/wp\/v2\/pages\/81","targetHints":{"allow":["GET"]}}],"collection":[{"href":"https:\/\/ovensvoordeindustrie.nl\/index.php\/wp-json\/wp\/v2\/pages"}],"about":[{"href":"https:\/\/ovensvoordeindustrie.nl\/index.php\/wp-json\/wp\/v2\/types\/page"}],"author":[{"embeddable":true,"href":"https:\/\/ovensvoordeindustrie.nl\/index.php\/wp-json\/wp\/v2\/users\/1"}],"replies":[{"embeddable":true,"href":"https:\/\/ovensvoordeindustrie.nl\/index.php\/wp-json\/wp\/v2\/comments?post=81"}],"version-history":[{"count":20,"href":"https:\/\/ovensvoordeindustrie.nl\/index.php\/wp-json\/wp\/v2\/pages\/81\/revisions"}],"predecessor-version":[{"id":283,"href":"https:\/\/ovensvoordeindustrie.nl\/index.php\/wp-json\/wp\/v2\/pages\/81\/revisions\/283"}],"wp:attachment":[{"href":"https:\/\/ovensvoordeindustrie.nl\/index.php\/wp-json\/wp\/v2\/media?parent=81"}],"curies":[{"name":"wp","href":"https:\/\/api.w.org\/{rel}","templated":true}]}}